{"id":3292,"date":"2019-09-11T09:22:36","date_gmt":"2019-09-11T09:22:36","guid":{"rendered":"https:\/\/komiza-ksenija.com\/?page_id=3292"},"modified":"2019-09-11T09:22:37","modified_gmt":"2019-09-11T09:22:37","slug":"daily-boat-transfer-from-komiza-to-bisevo-2","status":"publish","type":"page","link":"https:\/\/komiza-ksenija.com\/it\/daily-boat-transfer-from-komiza-to-bisevo-2\/","title":{"rendered":"Daily boat transfer from Komi\u017ea to Bi\u0161evo"},"content":{"rendered":"<p>Bisevo is an island located about five nautical miles southwest of Komi\u017ee. Its surface area is approximately 6 km2, and it has several villages: Mezuporat, Porat, Poje, Velo Negro, Nevaja, Potok and Upper and Lower Salbunara &nbsp;However, today these places, except in summer, is very sparsely populated. The coast is 14 km long, but mostly steep and inaccessible, and of about ten &nbsp;bays, only in the bays Mezuporat, Salbunara and Porat were costructed a small piers appropriate for mooring boats.<br \/>\nThe island has a church of Sts. Sylvester from the XVI cent. where Mass is held on New Year&#8217;s Eve and, unfortunately, abandoned schools. The most visited places on the island are definitely beautiful sea caves.<\/p>\n<p><strong>Contact:<\/strong><\/p>\n<p>R.O.\u201eKaukal\u201c<br \/>\nContact persons: Toni Pu\u0161i\u0107 00385 98 9299746; Zoran 099 3529759<br \/>\ne-mail: toni_pusic@yahoo.com<br \/>\nweb: <a href=\"http:\/\/www.kaukal-excursions.com\/\">kaukal-excursions.com<\/a><\/p>\n","protected":false},"excerpt":{"rendered":"<p>Bisevo is an island located about five nautical miles southwest of Komi\u017ee. Its surface area is approximately 6 km2, and it has several villages: Mezuporat, Porat, Poje, Velo Negro, Nevaja, Potok and Upper and Lower Salbunara &nbsp;However, today these places, except in summer, is very sparsely populated. The coast is 14 km long, but mostly [&hellip;]<\/p>\n","protected":false},"author":1,"featured_media":0,"parent":0,"menu_order":0,"comment_status":"closed","ping_status":"closed","template":"","meta":{"footnotes":""},"class_list":["post-3292","page","type-page","status-publish","hentry"],"_links":{"self":[{"href":"https:\/\/komiza-ksenija.com\/it\/wp-json\/wp\/v2\/pages\/3292","targetHints":{"allow":["GET"]}}],"collection":[{"href":"https:\/\/komiza-ksenija.com\/it\/wp-json\/wp\/v2\/pages"}],"about":[{"href":"https:\/\/komiza-ksenija.com\/it\/wp-json\/wp\/v2\/types\/page"}],"author":[{"embeddable":true,"href":"https:\/\/komiza-ksenija.com\/it\/wp-json\/wp\/v2\/users\/1"}],"replies":[{"embeddable":true,"href":"https:\/\/komiza-ksenija.com\/it\/wp-json\/wp\/v2\/comments?post=3292"}],"version-history":[{"count":0,"href":"https:\/\/komiza-ksenija.com\/it\/wp-json\/wp\/v2\/pages\/3292\/revisions"}],"wp:attachment":[{"href":"https:\/\/komiza-ksenija.com\/it\/wp-json\/wp\/v2\/media?parent=3292"}],"curies":[{"name":"wp","href":"https:\/\/api.w.org\/{rel}","templated":true}]}}