{"id":924,"date":"2014-07-24T12:40:06","date_gmt":"2014-07-24T12:40:06","guid":{"rendered":"http:\/\/komiza-ksenija.com\/?page_id=924"},"modified":"2019-09-11T09:18:58","modified_gmt":"2019-09-11T09:18:58","slug":"izlet-oko-otoka-visa","status":"publish","type":"page","link":"https:\/\/komiza-ksenija.com\/hr\/posebne-ponude\/izlet-oko-otoka-visa\/","title":{"rendered":"Izlet oko otoka Visa"},"content":{"rendered":"<p><strong>POSJET STINIVE, SREBRNE, ZELENE \u0160PILJE, STON\u010cICE, VOJNIH TUNELA, OKLJU\u010cINE<\/strong><\/p>\n<p>Prirodne ljepote otoka mo\u017eete najbolje upoznati s morske strane. Kre\u0107e se iz Komi\u017ee ju\u017enom stranom prema uvali Stiniva koja je najatraktivnija zbog svog prirodno neobi\u010dnog izgleda. Nakon kupanja, \u00a0po \u017eelji plovimo prema uvali Srebrna koja je okrenuta direktno prema otvornom moru. \u00a0Sljede\u0107a destinacija je Zelena \u0161pilja koja se nalazi sa pu\u010dinske strane otoka Ravnika. Zeleni snop svjetlosti prodire u \u0161pilju kroz otvor na vrhu i lomi se u moru. Plovidbu nastavljamo prema uvali Ston\u010dica gdje ostajemo na kupanju i po \u017eelji ru\u010dku (po dogovoru). U uvali Ston\u010dica prekrasna je pje\u0161\u010dana pla\u017ea pogotovo pogodna za obitelji s djecom. Za\u0161titni znak uvale Ston\u010dica je svjetionik koji je jedan od najstarijih na Jadranu. Nakon kupanja i dobrog ru\u010dka, posjetiti \u0107emo vojni tunel za podmornice i brodove iz 2. svjetskog rata (Vojne potkope). Plovimo dalje prema sjevernoj strani otoka gdje posje\u0107ujemo uvalu Okjucina i uvalu Perna, nakon \u010dega u suton uplovljavamo u Komi\u0161ku luku.<\/p>\n<p><strong>Kontakt:<\/strong><\/p>\n<p>R.O.\u201eKaukal\u201c<br \/>\nKontakt osoba: Toni Pu\u0161i\u0107 00385 98 9299746; Zoran 099 3529759<br \/>\ne-mail: toni_pusic@yahoo.com<br \/>\nweb: <a href=\"http:\/\/www.kaukal-excursions.com\/\">kaukal-excursions.com<\/a><\/p>\n","protected":false},"excerpt":{"rendered":"<p>Prirodne ljepote otoka mo\u017eete najbolje upoznati s morske strane. Kre\u0107e se iz Komi\u017ee ju\u017enom stranom prema uvali Stiniva koja je najatraktivnija zbog svog prirodno neobi\u010dnog izgleda&#8230;<\/p>\n","protected":false},"author":1,"featured_media":0,"parent":905,"menu_order":0,"comment_status":"closed","ping_status":"closed","template":"","meta":{"footnotes":""},"class_list":["post-924","page","type-page","status-publish","hentry"],"_links":{"self":[{"href":"https:\/\/komiza-ksenija.com\/hr\/wp-json\/wp\/v2\/pages\/924","targetHints":{"allow":["GET"]}}],"collection":[{"href":"https:\/\/komiza-ksenija.com\/hr\/wp-json\/wp\/v2\/pages"}],"about":[{"href":"https:\/\/komiza-ksenija.com\/hr\/wp-json\/wp\/v2\/types\/page"}],"author":[{"embeddable":true,"href":"https:\/\/komiza-ksenija.com\/hr\/wp-json\/wp\/v2\/users\/1"}],"replies":[{"embeddable":true,"href":"https:\/\/komiza-ksenija.com\/hr\/wp-json\/wp\/v2\/comments?post=924"}],"version-history":[{"count":0,"href":"https:\/\/komiza-ksenija.com\/hr\/wp-json\/wp\/v2\/pages\/924\/revisions"}],"up":[{"embeddable":true,"href":"https:\/\/komiza-ksenija.com\/hr\/wp-json\/wp\/v2\/pages\/905"}],"wp:attachment":[{"href":"https:\/\/komiza-ksenija.com\/hr\/wp-json\/wp\/v2\/media?parent=924"}],"curies":[{"name":"wp","href":"https:\/\/api.w.org\/{rel}","templated":true}]}}