{"id":920,"date":"2014-07-24T12:36:11","date_gmt":"2014-07-24T12:36:11","guid":{"rendered":"http:\/\/komiza-ksenija.com\/?page_id=920"},"modified":"2019-09-11T09:19:23","modified_gmt":"2019-09-11T09:19:23","slug":"cjelodnevni-izlet-na-bisevo","status":"publish","type":"page","link":"https:\/\/komiza-ksenija.com\/hr\/posebne-ponude\/cjelodnevni-izlet-na-bisevo\/","title":{"rendered":"Cjelodnevni izlet na Bi\u0161evo"},"content":{"rendered":"<p>Nakon posjeta Modroj \u0161pilji, lagano plovimo prema uvali Porat.<\/p>\n<p>Pje\u0161\u010dana pla\u017ea Porat na otoku Bi\u0161evu, smje\u0161tena na jugozapadnom dijelu otoka.\u00a0 Pla\u017ea je idealna za boravak obitelji sa malom djecom, \u00a0natkrivena je borovom \u0161umom,ima nekoliko restorana gdje mo\u017eete u\u017eivati u poznatom oto\u010dkom vinu,Bi\u0161evskom plavcu i degustirati specijalitete kao \u0161to je komi\u0161ka poga\u010da, salata od hobotnice, pe\u010dene srdele \u2026.<\/p>\n<p>Pla\u017ea Porat uvr\u0161tena je me\u0111u sedam najljep\u0161ih svjetskih pla\u017ea.<\/p>\n<p><strong>Kontakt:<\/strong><\/p>\n<p>R.O.\u201eKaukal\u201c<br \/>\nKontakt osoba: Toni Pu\u0161i\u0107 00385 98 9299746; Zoran 099 3529759<br \/>\ne-mail: toni_pusic@yahoo.com<br \/>\n<a href=\"www.kaukal-obrt.hr\">web: <\/a><a href=\"http:\/\/www.kaukal-excursions.com\/\">kaukal-excursions.com<\/a><\/p>\n","protected":false},"excerpt":{"rendered":"<p>Pje\u0161\u010dana pla\u017ea Porat na otoku Bi\u0161evu, smje\u0161tena na jugozapadnom dijelu otoka.  Pla\u017ea je idealna za boravak obitelji sa malom djecom,  te je natkrivena borovom \u0161umom<\/p>\n","protected":false},"author":1,"featured_media":0,"parent":905,"menu_order":0,"comment_status":"closed","ping_status":"closed","template":"","meta":{"footnotes":""},"class_list":["post-920","page","type-page","status-publish","hentry"],"_links":{"self":[{"href":"https:\/\/komiza-ksenija.com\/hr\/wp-json\/wp\/v2\/pages\/920","targetHints":{"allow":["GET"]}}],"collection":[{"href":"https:\/\/komiza-ksenija.com\/hr\/wp-json\/wp\/v2\/pages"}],"about":[{"href":"https:\/\/komiza-ksenija.com\/hr\/wp-json\/wp\/v2\/types\/page"}],"author":[{"embeddable":true,"href":"https:\/\/komiza-ksenija.com\/hr\/wp-json\/wp\/v2\/users\/1"}],"replies":[{"embeddable":true,"href":"https:\/\/komiza-ksenija.com\/hr\/wp-json\/wp\/v2\/comments?post=920"}],"version-history":[{"count":0,"href":"https:\/\/komiza-ksenija.com\/hr\/wp-json\/wp\/v2\/pages\/920\/revisions"}],"up":[{"embeddable":true,"href":"https:\/\/komiza-ksenija.com\/hr\/wp-json\/wp\/v2\/pages\/905"}],"wp:attachment":[{"href":"https:\/\/komiza-ksenija.com\/hr\/wp-json\/wp\/v2\/media?parent=920"}],"curies":[{"name":"wp","href":"https:\/\/api.w.org\/{rel}","templated":true}]}}