{"id":916,"date":"2014-07-24T12:33:54","date_gmt":"2014-07-24T12:33:54","guid":{"rendered":"http:\/\/komiza-ksenija.com\/?page_id=916"},"modified":"2019-09-11T09:19:30","modified_gmt":"2019-09-11T09:19:30","slug":"posjet-modroj-spilji","status":"publish","type":"page","link":"https:\/\/komiza-ksenija.com\/hr\/posebne-ponude\/posjet-modroj-spilji\/","title":{"rendered":"Posjet Modroj \u0161pilji"},"content":{"rendered":"<p>Modra \u0161pilja, nalazi se u maloj uvali Balun na otoku Bi\u0161evu. \u0160pilja ima dva otvora, jedan manji, onaj umjetno produbljen, kroz koji mo\u017ee pro\u0107i brodi\u0107.. Drugi je otvor poput svoda i mnogo \u0161iri, na ju\u017enoj strani \u0161pilje, ispod razine mora. Kroz taj podvodni otvor prodire kroz \u0161pilju sun\u010dana svjetlost, koja se, prolaze\u0107i kroz vodu, najprije lomi, a onda se od dna \u0161pilje odbija, ispunjavaju\u0107i cijelu \u0161pilju srebrno plavim odsjajem.<\/p>\n<p><strong>Kontakt:<\/strong><\/p>\n<p>R.O.\u201eKaukal\u201c<br \/>\nKontakt osoba: Toni Pu\u0161i\u0107 00385 98 9299746; Zoran 099 3529759<br \/>\ne-mail: toni_pusic@yahoo.com<br \/>\n<a href=\"www.kaukal-obrt.hr\">web: <\/a><a href=\"http:\/\/www.kaukal-excursions.com\/\">kaukal-excursions.com<\/a><\/p>\n","protected":false},"excerpt":{"rendered":"<p>Modra \u0161pilja, nalazi se u maloj uvali Balun na otoku Bi\u0161evu. \u0160pilja ima dva otvora, jedan manji, onaj umjetno produbljen, kroz koji mo\u017ee pro\u0107i brodi\u0107.<\/p>\n","protected":false},"author":1,"featured_media":0,"parent":905,"menu_order":0,"comment_status":"closed","ping_status":"closed","template":"","meta":{"footnotes":""},"class_list":["post-916","page","type-page","status-publish","hentry"],"_links":{"self":[{"href":"https:\/\/komiza-ksenija.com\/hr\/wp-json\/wp\/v2\/pages\/916","targetHints":{"allow":["GET"]}}],"collection":[{"href":"https:\/\/komiza-ksenija.com\/hr\/wp-json\/wp\/v2\/pages"}],"about":[{"href":"https:\/\/komiza-ksenija.com\/hr\/wp-json\/wp\/v2\/types\/page"}],"author":[{"embeddable":true,"href":"https:\/\/komiza-ksenija.com\/hr\/wp-json\/wp\/v2\/users\/1"}],"replies":[{"embeddable":true,"href":"https:\/\/komiza-ksenija.com\/hr\/wp-json\/wp\/v2\/comments?post=916"}],"version-history":[{"count":0,"href":"https:\/\/komiza-ksenija.com\/hr\/wp-json\/wp\/v2\/pages\/916\/revisions"}],"up":[{"embeddable":true,"href":"https:\/\/komiza-ksenija.com\/hr\/wp-json\/wp\/v2\/pages\/905"}],"wp:attachment":[{"href":"https:\/\/komiza-ksenija.com\/hr\/wp-json\/wp\/v2\/media?parent=916"}],"curies":[{"name":"wp","href":"https:\/\/api.w.org\/{rel}","templated":true}]}}