{"id":912,"date":"2014-07-24T12:21:36","date_gmt":"2014-07-24T12:21:36","guid":{"rendered":"http:\/\/komiza-ksenija.com\/?page_id=912"},"modified":"2014-07-24T14:18:14","modified_gmt":"2014-07-24T14:18:14","slug":"izlet-iz-komize-na-otok-bisevo","status":"publish","type":"page","link":"https:\/\/komiza-ksenija.com\/hr\/posebne-ponude\/izlet-iz-komize-na-otok-bisevo\/","title":{"rendered":"Izlet iz Komi\u017ee na otok Bi\u0161evo"},"content":{"rendered":"<p>Bi\u0161evo je otok smje\u0161ten oko 5 nauti\u010dkih milja jugozapadno od Komi\u017ee. Povr\u0161ina mu iznosi oko 6 km2, a na njemu je nekoliko naselja: Mezuporat, Porat, Poje, Velo Gora, Nevaja, Potok te Gornja i Donja Salbunara, me\u0111utim, danas su ta mjesta, osim ljeti, vrlo slabo naseljena. Obala otoka duga je 14 km, ali uglavnom strma i nepristupa\u010dna, a od desetak uvala samo su u uvalama Mezuporat, Salbunara i Porat izgra\u0111eni mali gatovi prikladni za privez brodova.<\/p>\n<p>Na otoku postoji crkva sv. Silvestra\u00a0iz XVI.st. u kojoj se odr\u017eava misa na Silvestrovo , na\u017ealost i \u00a0zapu\u0161tena \u0161kola. Najposje\u0107enija mjesta na otoku su svakako prekrasne morske \u0161pilje.<\/p>\n<p><strong>Kontakt:<\/strong><\/p>\n<p>R.O.\u201eKaukal\u201c<br \/>\nKontakt osoba: Toni Pu\u0161i\u0107 00385 98 9299746; Zoran 099 3529759<br \/>\ne-mail: toni_pusic@yahoo.com<br \/>\nweb:\u00a0<a href=\"www.kaukal-obrt.hr\">www.kaukal-obrt.hr<\/a><\/p>\n","protected":false},"excerpt":{"rendered":"<p>Bi\u0161evo je otok smje\u0161ten oko 5 nauti\u010dkih milja jugozapadno od Komi\u017ee. Na njemu je nekoliko naselja me\u0111u kojima je napoznatija uvala Porat s predivnom pje\u0161\u010danom pla\u017eom.<\/p>\n","protected":false},"author":1,"featured_media":0,"parent":905,"menu_order":0,"comment_status":"closed","ping_status":"closed","template":"","meta":{"footnotes":""},"class_list":["post-912","page","type-page","status-publish","hentry"],"_links":{"self":[{"href":"https:\/\/komiza-ksenija.com\/hr\/wp-json\/wp\/v2\/pages\/912","targetHints":{"allow":["GET"]}}],"collection":[{"href":"https:\/\/komiza-ksenija.com\/hr\/wp-json\/wp\/v2\/pages"}],"about":[{"href":"https:\/\/komiza-ksenija.com\/hr\/wp-json\/wp\/v2\/types\/page"}],"author":[{"embeddable":true,"href":"https:\/\/komiza-ksenija.com\/hr\/wp-json\/wp\/v2\/users\/1"}],"replies":[{"embeddable":true,"href":"https:\/\/komiza-ksenija.com\/hr\/wp-json\/wp\/v2\/comments?post=912"}],"version-history":[{"count":0,"href":"https:\/\/komiza-ksenija.com\/hr\/wp-json\/wp\/v2\/pages\/912\/revisions"}],"up":[{"embeddable":true,"href":"https:\/\/komiza-ksenija.com\/hr\/wp-json\/wp\/v2\/pages\/905"}],"wp:attachment":[{"href":"https:\/\/komiza-ksenija.com\/hr\/wp-json\/wp\/v2\/media?parent=912"}],"curies":[{"name":"wp","href":"https:\/\/api.w.org\/{rel}","templated":true}]}}