{"id":58,"date":"2013-11-25T11:46:53","date_gmt":"2013-11-25T11:46:53","guid":{"rendered":"http:\/\/komiza-ksenija.com\/?page_id=58"},"modified":"2019-11-20T14:20:20","modified_gmt":"2019-11-20T14:20:20","slug":"komiza","status":"publish","type":"page","link":"https:\/\/komiza-ksenija.com\/hr\/otok-vis\/komiza\/","title":{"rendered":"Grad Komi\u017ea"},"content":{"rendered":"<p><strong>\u201eOd svih gradova na moru, Komi\u017ea je moru najbli\u017ea, a od svih ribara na svijetu, najbolji su ribari iz Komi\u017ee. Danas je vrlo slavno kako su komi\u0161ki ribari davno spustili mre\u017ee sve do morskog dna i izvukli ulov iz bajke i sna, kamen-grad, \u010dudesan, zanosan \u2013 Komi\u017eu.\u201c<\/strong><\/p>\n<p>Komi\u017ea je drevni ribarski gradi\u0107, smje\u0161ten na jugozapadnom dijelu otoka Visa, u kojem kao da je vrijeme stalo.<\/p>\n<p>Ako po\u017eelite odmor u miru i ti\u0161ini, daleko od gradske buke, a okru\u017eeni mirisima limuna, narana\u010da i mirisima pe\u010dene ribe, koji vas mame dok \u0161etate starom gradskom jezgrom, do\u0161li ste na pravo mjesto. Ovdje je pravi odmor za du\u0161u, u mjestu gdje \u0107ete od lokalnih ribara mo\u0107i kupiti svje\u017eu ribu jo\u0161 dok ispijate prvu jutarnju kavu na rivi, a svaka riba \u0107e imati i svoju ribarsku pri\u010du, koju \u0107e vam gostoljubivi doma\u0107ini rado ispri\u010dati, a vjerojatno vam i ponuditi da zajedno s njima krenete u ribolov.<\/p>\n<p>Komi\u017ea ima dugu ribarsku tradiciju, a trajnu izlo\u017ebu tradicionalnih ribarskih alata mo\u017eete vidjeti u Ribarskom muzeju Komuna \u2013 u staroj Mleta\u010dkoj kuli iz 16. stolje\u0107a, koja se nalazi na rivi. U njemu su izlo\u017eeni tradicionalni ribarski alati, kao i restaurirani primjerak komi\u0161ke gajete falku\u0161e, <b>Cicibele<\/b>, simbola komi\u0161kog ribarstva.<\/p>\n<p>Crkva sv. Nikole, poznata i kao \u201eMuster\u201c, smjestila se na bre\u017euljku povi\u0161e na\u0161eg mjesta i kao da budnim okom taj za\u0161titnik ribara, pomoraca i putnika \u010duva na\u0161u Komi\u017eu.<\/p>\n<p>Crkva \u201eGusarica\u201c smje\u0161tena je na najve\u0107oj komi\u0161koj pla\u017ei i \u010duva svoju pri\u010du o gusarima koji su oplja\u010dkali crkvu, kao i sliku Majke Bo\u017eje, ali ih je velika oluja potopila, a sliku vratila na pla\u017eu gdje se i danas nalazi crkva.<\/p>\n<p>Jo\u0161 puno zanimljivih pri\u010da ispri\u010dat \u0107e vam Komi\u017ea, do\u0111ite, posjetite nas.<\/p>\n","protected":false},"excerpt":{"rendered":"<p>Ako po\u017eelite odmor u miru i ti\u0161ini, okru\u017eeni mirisima limuna, naran\u010di, mirisima pe\u010dene ribe koji vas omame dok \u0161etate starom gradskom jezgrom, do\u0161li ste na pravo mjesto. <\/p>\n","protected":false},"author":1,"featured_media":0,"parent":55,"menu_order":0,"comment_status":"closed","ping_status":"closed","template":"","meta":{"footnotes":""},"class_list":["post-58","page","type-page","status-publish","hentry"],"_links":{"self":[{"href":"https:\/\/komiza-ksenija.com\/hr\/wp-json\/wp\/v2\/pages\/58","targetHints":{"allow":["GET"]}}],"collection":[{"href":"https:\/\/komiza-ksenija.com\/hr\/wp-json\/wp\/v2\/pages"}],"about":[{"href":"https:\/\/komiza-ksenija.com\/hr\/wp-json\/wp\/v2\/types\/page"}],"author":[{"embeddable":true,"href":"https:\/\/komiza-ksenija.com\/hr\/wp-json\/wp\/v2\/users\/1"}],"replies":[{"embeddable":true,"href":"https:\/\/komiza-ksenija.com\/hr\/wp-json\/wp\/v2\/comments?post=58"}],"version-history":[{"count":0,"href":"https:\/\/komiza-ksenija.com\/hr\/wp-json\/wp\/v2\/pages\/58\/revisions"}],"up":[{"embeddable":true,"href":"https:\/\/komiza-ksenija.com\/hr\/wp-json\/wp\/v2\/pages\/55"}],"wp:attachment":[{"href":"https:\/\/komiza-ksenija.com\/hr\/wp-json\/wp\/v2\/media?parent=58"}],"curies":[{"name":"wp","href":"https:\/\/api.w.org\/{rel}","templated":true}]}}