{"id":55,"date":"2013-11-25T11:43:12","date_gmt":"2013-11-25T11:43:12","guid":{"rendered":"http:\/\/komiza-ksenija.com\/?page_id=55"},"modified":"2019-11-20T14:20:17","modified_gmt":"2019-11-20T14:20:17","slug":"otok-vis","status":"publish","type":"page","link":"https:\/\/komiza-ksenija.com\/hr\/otok-vis\/","title":{"rendered":"Otok Vis"},"content":{"rendered":"<p><em><strong>Otok Vis<\/strong><\/em> &#8211; najistureniji je hrvatski otok, povr\u0161ine 90,3 km<sup>2<\/sup>, udaljen je od obale 45 milja (od Splita), od talijanske obale 60 milja. Oko otoka Visa se nalaze brojni manji otoci, oto\u010di\u0107i (Bi\u0161evo, Budikovac, Brusnik, Jabuka, Ravnik, Svetac i drugi).<\/p>\n<p>Vrhunska vina, prekrasni vinogradi, povijesne znamenitosti, mnogobrojne \u0161pilje (Kralji\u010dina \u0161pilja na sjevernoj strani otoka, Zelena \u0161pilja na oto\u010di\u0107u Ravniku te znamenita Modra \u0161pilja na otoku Bi\u0161evu) i \u010dudesne uvale dio su bogate ponude ovog pu\u010dinskog otoka.<\/p>\n<p>Otok Vis je bio desetlje\u0107ima zatvoren za posjetitelje te je zbog toga ostao ekolo\u0161ki netaknut s djevi\u010danskom prirodom, \u010distim morem i prekrasnim pla\u017eama.<\/p>\n<p>Zbog svega toga, Vis vama i va\u0161oj obitelji mo\u017ee pru\u017eiti nezaboravne trenutke odmora.<\/p>\n<p>Otok Vis je bogat povije\u0161\u0107u, a zahvaljuju\u0107i svojoj pro\u0161losti posjeduje bogatstvo spomenika od anti\u010dkog\u00a0do novijeg doba.<\/p>\n<p>Ostaci anti\u010dkog grada, rimske terme, isejska nekropola, mnogi renesansni ljetnikovci, crkvice, a iz novijeg doba i Titova \u0161pilja, svjedo\u010de o burnoj pro\u0161losti otoka i nude vam priliku za brojna razgledavanja i izlete.<\/p>\n<p>Na\u0161 otok mo\u017eete istra\u017eivati morskim i kopnenim putem. Ako ste umorni od vo\u017enje automobilom krenite na izlete brodom, posjetite otok Bi\u0161evo i Modru \u0161pilju, krenite brodom oko otoka i upoznajte na\u0161e prekrasne uvale (Stiniva, Srebrna, Sto\u010dica, Okjucina, &#8230;), zaplovite gajetom Falku\u0161om u avanturu prema Palagru\u017ei ili Sv. Andriji.<\/p>\n<p>U sredi\u0161tu otoka su smje\u0161tena slikovita sela, gdje se \u0161ire mirisi ru\u017emarina, lavande i mirte,\u00a0 gdje u seoskim doma\u0107instvima mo\u017eete ku\u0161ati oto\u010dke delicije: poga\u010du od slane ribe, doma\u0107i sir, doma\u0107u janjetinu ispod peke, hobotnicu ispod peke, i druga jela.<\/p>\n<p>Otok je s kopnom povezan trajektnom linijom (dva puta dnevno, a u sezoni tri puta dnevno), a tako\u0111er i brzom katamaranskom linijom.<\/p>\n","protected":false},"excerpt":{"rendered":"<p>Najistureniji je hrvatski otok, povr\u0161ine 90,3 km2, udaljen je od obale 45 milja (od Splita), od talijanske obale 60 milja. Oko otoka Visa se nalaze brojni manji otoci i oto\u010di\u0107i.<\/p>\n","protected":false},"author":1,"featured_media":0,"parent":0,"menu_order":0,"comment_status":"closed","ping_status":"closed","template":"","meta":{"footnotes":""},"class_list":["post-55","page","type-page","status-publish","hentry"],"_links":{"self":[{"href":"https:\/\/komiza-ksenija.com\/hr\/wp-json\/wp\/v2\/pages\/55","targetHints":{"allow":["GET"]}}],"collection":[{"href":"https:\/\/komiza-ksenija.com\/hr\/wp-json\/wp\/v2\/pages"}],"about":[{"href":"https:\/\/komiza-ksenija.com\/hr\/wp-json\/wp\/v2\/types\/page"}],"author":[{"embeddable":true,"href":"https:\/\/komiza-ksenija.com\/hr\/wp-json\/wp\/v2\/users\/1"}],"replies":[{"embeddable":true,"href":"https:\/\/komiza-ksenija.com\/hr\/wp-json\/wp\/v2\/comments?post=55"}],"version-history":[{"count":0,"href":"https:\/\/komiza-ksenija.com\/hr\/wp-json\/wp\/v2\/pages\/55\/revisions"}],"wp:attachment":[{"href":"https:\/\/komiza-ksenija.com\/hr\/wp-json\/wp\/v2\/media?parent=55"}],"curies":[{"name":"wp","href":"https:\/\/api.w.org\/{rel}","templated":true}]}}