{"id":500,"date":"2014-02-24T23:03:17","date_gmt":"2014-02-24T23:03:17","guid":{"rendered":"http:\/\/komiza-ksenija.com\/?page_id=500"},"modified":"2020-01-18T09:04:06","modified_gmt":"2020-01-18T09:04:06","slug":"kako-doci-do-nas","status":"publish","type":"page","link":"https:\/\/komiza-ksenija.com\/hr\/smjestaj\/kako-doci-do-nas\/","title":{"rendered":"Kako do\u0107i do nas?"},"content":{"rendered":"<p>Iz Splita za Vis svakodnevno imate dvije trajektne linije, a u sezoni tri trajektne linije (<a href=\"http:\/\/www.jadrolinija.hr\">Jadrolinija plovidbeni red<\/a>).<\/p>\n<p>Kada do\u0111ete u Vis vidjet \u0107ete da svaki dolazak trajekta\u00a0\u010deka autobus redovne linije koji \u0107e vas dovesti ravno u Komi\u017eu.<\/p>\n<p>Slobodno pitajte ljubazne voza\u010de autobusa za na\u0161e Apartmane Ksenija i oni \u0107e se zaustaviti pored na\u0161e ku\u0107e.<\/p>\n<p>Ako \u017eelite udobniji prijevoz iz Visa, u trajektnoj luci se nalazi taxi-slu\u017eba.<\/p>\n<p>Ako ste se odlu\u010dili krenuti na putovanje vlastitim automobilom, nakon \u0161to se iskrcate u trajektnoj luci skrenite lijevo te pratite putokaz za Komi\u017eu.<\/p>\n<p>Komi\u017ea je od Visa udaljena samo 11 km.<\/p>\n<p>Na ulazu u Komi\u017eu (pored velikog sidra) skrenite u smjeru hotela.<\/p>\n<p>U samom mjestu je ozna\u010deno desno skretanje za hotel, a Apartmani\u00a0Ksenija\u00a0su 20m od skretanja\u00a0na lijevo.<\/p>\n<p>Ispred ku\u0107e se, u sjeni roga\u010da, nalazi na\u0161e parkirali\u0161te.<\/p>\n<p>Dobro nam do\u0161li dragi gosti!<\/p>\n","protected":false},"excerpt":{"rendered":"<p>Iz Splita za Vis svakodnevno imate dvije trajektne linije, a u sezoni tri.<\/p>\n","protected":false},"author":1,"featured_media":0,"parent":19,"menu_order":999,"comment_status":"closed","ping_status":"closed","template":"","meta":{"footnotes":""},"class_list":["post-500","page","type-page","status-publish","hentry"],"_links":{"self":[{"href":"https:\/\/komiza-ksenija.com\/hr\/wp-json\/wp\/v2\/pages\/500","targetHints":{"allow":["GET"]}}],"collection":[{"href":"https:\/\/komiza-ksenija.com\/hr\/wp-json\/wp\/v2\/pages"}],"about":[{"href":"https:\/\/komiza-ksenija.com\/hr\/wp-json\/wp\/v2\/types\/page"}],"author":[{"embeddable":true,"href":"https:\/\/komiza-ksenija.com\/hr\/wp-json\/wp\/v2\/users\/1"}],"replies":[{"embeddable":true,"href":"https:\/\/komiza-ksenija.com\/hr\/wp-json\/wp\/v2\/comments?post=500"}],"version-history":[{"count":0,"href":"https:\/\/komiza-ksenija.com\/hr\/wp-json\/wp\/v2\/pages\/500\/revisions"}],"up":[{"embeddable":true,"href":"https:\/\/komiza-ksenija.com\/hr\/wp-json\/wp\/v2\/pages\/19"}],"wp:attachment":[{"href":"https:\/\/komiza-ksenija.com\/hr\/wp-json\/wp\/v2\/media?parent=500"}],"curies":[{"name":"wp","href":"https:\/\/api.w.org\/{rel}","templated":true}]}}