{"id":39,"date":"2013-11-25T11:10:31","date_gmt":"2013-11-25T11:10:31","guid":{"rendered":"http:\/\/komiza-ksenija.com\/?page_id=39"},"modified":"2019-11-20T14:20:13","modified_gmt":"2019-11-20T14:20:13","slug":"konoba-jasmina","status":"publish","type":"page","link":"https:\/\/komiza-ksenija.com\/hr\/konoba-jasmina\/","title":{"rendered":"Konoba Jasmina"},"content":{"rendered":"<p>Konoba \u201eJasmina\u201c je smje\u0161tena samo nekoliko metara od mora u uvali Lucica te ima 40-godi\u0161nju obiteljsku tradiciju. U konobi\u00a0rade tri generacije. Svojim oblikom konoba \u0107e vas podsjetiti na brod koji se odlu\u010dio usidriti ba\u0161 u ovoj mirnoj uvali s predivnom pla\u017eom.<\/p>\n<p>Brujet od ugora, buzara od \u0161kampi, crni ri\u017eot, mesni specijaliteti s ro\u0161tilja, ro\u017eata, kola\u010d od roga\u010da&#8230; i ostala jela, pripremljena su prema starim, tradicionalnim receptima. Sve na\u0161e specijalitete \u0107emo vam poslu\u017eiti na otvorenoj terasi s koje se pru\u017ea nezaboravan pogled na pla\u017eu, otok Bi\u0161evo i Sv. Andriju.<\/p>\n<p>Do\u0111ite i u\u017eivajte u doma\u0107im delicijama na na\u0161oj terasi, a dok \u010dekate ve\u010deru odmarajte se gledaju\u0107i nezaboravan zalazak sunca uz \u010da\u0161u komi\u0161kog plavca.<\/p>\n<h2><b>Kako nas na\u0107i?<\/b><\/h2>\n<p>Ako ste na rivi do\u0111ite do kule sa satom, Komune, i crkvice Gospe od Sedam \u017dalosti te krenite uskom kamenom ulicom, i eto vas do na\u0161e konobe \u201eJasmina\u201c.<\/p>\n","protected":false},"excerpt":{"rendered":"<p>U\u017eivajte u tradicionalnim jelima na terasi na\u0161e obiteljske konobe &#8220;Jasmina&#8221;, gledaju\u0107i zalazak sunca i oslu\u0161kuju\u0107i \u0161um mora. Nalazimo se  samo nekoliko metara od mora u uvali Lucica.<\/p>\n","protected":false},"author":1,"featured_media":2245,"parent":0,"menu_order":0,"comment_status":"closed","ping_status":"closed","template":"","meta":{"footnotes":""},"class_list":["post-39","page","type-page","status-publish","has-post-thumbnail","hentry"],"_links":{"self":[{"href":"https:\/\/komiza-ksenija.com\/hr\/wp-json\/wp\/v2\/pages\/39","targetHints":{"allow":["GET"]}}],"collection":[{"href":"https:\/\/komiza-ksenija.com\/hr\/wp-json\/wp\/v2\/pages"}],"about":[{"href":"https:\/\/komiza-ksenija.com\/hr\/wp-json\/wp\/v2\/types\/page"}],"author":[{"embeddable":true,"href":"https:\/\/komiza-ksenija.com\/hr\/wp-json\/wp\/v2\/users\/1"}],"replies":[{"embeddable":true,"href":"https:\/\/komiza-ksenija.com\/hr\/wp-json\/wp\/v2\/comments?post=39"}],"version-history":[{"count":0,"href":"https:\/\/komiza-ksenija.com\/hr\/wp-json\/wp\/v2\/pages\/39\/revisions"}],"wp:featuredmedia":[{"embeddable":true,"href":"https:\/\/komiza-ksenija.com\/hr\/wp-json\/wp\/v2\/media\/2245"}],"wp:attachment":[{"href":"https:\/\/komiza-ksenija.com\/hr\/wp-json\/wp\/v2\/media?parent=39"}],"curies":[{"name":"wp","href":"https:\/\/api.w.org\/{rel}","templated":true}]}}