{"id":35,"date":"2013-11-24T10:32:08","date_gmt":"2013-11-24T10:32:08","guid":{"rendered":"http:\/\/komiza-ksenija.com\/?page_id=35"},"modified":"2019-11-20T14:20:48","modified_gmt":"2019-11-20T14:20:48","slug":"apartman-jurkovica","status":"publish","type":"page","link":"https:\/\/komiza-ksenija.com\/hr\/smjestaj\/apartman-jurkovica\/","title":{"rendered":"Apartman Jurkovica"},"content":{"rendered":"<p><span style=\"line-height: 1.5em;\">Apartman Jurkovica smje\u0161ten je u prizemlju ku\u0107e (50 m<\/span><sup style=\"line-height: 1.5em;\">2<\/sup><span style=\"line-height: 1.5em;\">&nbsp;+ terasa 15m<\/span><sup style=\"line-height: 1.5em;\">2<\/sup><span style=\"line-height: 1.5em;\">), a sastoji se od sobe, potpuno opremljene kuhinje s dnevnim boravkom, u kojem je smje\u0161ten i le\u017eaj na razvla\u010denje za dvije osobe, kupatila i terasa pokrivene zelenilom, s koje se vidi djeli\u0107 mora i na kojoj \u0107e te boraviti ve\u0107i dio dana ispijaju\u0107i hladnu limunadu, komi\u0161ku vugavu ili udobno zavaljeni \u010ditati knjigu.<\/span><\/p>\n<p>Iznenadite dragu osobu ve\u010derom u na\u0161oj obiteljskoj <a title=\"Konoba Jasmina\" href=\"http:\/\/komiza-ksenija.com\/konoba-jasmina\/\">konobi \u201eJasmina\u201c<\/a> na romanti\u010dnoj terasi s prekrasnim pogledom na more.<\/p>\n<p>Apartman mogu koristiti 2 \u2013 4 osobe s potpunom udobno\u0161\u0107u.<\/p>\n<p>Opremljen je klima-ure\u0111ajem, TV-om i be\u017ei\u010dnim internetom.<\/p>\n","protected":false},"excerpt":{"rendered":"<p>Smje\u0161taj za 4 osobe (2+2) u prizemlju ku\u0107e. Terasa i djelomi\u010dan pogled na more.<\/p>\n","protected":false},"author":1,"featured_media":2203,"parent":19,"menu_order":3,"comment_status":"closed","ping_status":"closed","template":"","meta":{"footnotes":""},"class_list":["post-35","page","type-page","status-publish","has-post-thumbnail","hentry"],"_links":{"self":[{"href":"https:\/\/komiza-ksenija.com\/hr\/wp-json\/wp\/v2\/pages\/35","targetHints":{"allow":["GET"]}}],"collection":[{"href":"https:\/\/komiza-ksenija.com\/hr\/wp-json\/wp\/v2\/pages"}],"about":[{"href":"https:\/\/komiza-ksenija.com\/hr\/wp-json\/wp\/v2\/types\/page"}],"author":[{"embeddable":true,"href":"https:\/\/komiza-ksenija.com\/hr\/wp-json\/wp\/v2\/users\/1"}],"replies":[{"embeddable":true,"href":"https:\/\/komiza-ksenija.com\/hr\/wp-json\/wp\/v2\/comments?post=35"}],"version-history":[{"count":0,"href":"https:\/\/komiza-ksenija.com\/hr\/wp-json\/wp\/v2\/pages\/35\/revisions"}],"up":[{"embeddable":true,"href":"https:\/\/komiza-ksenija.com\/hr\/wp-json\/wp\/v2\/pages\/19"}],"wp:featuredmedia":[{"embeddable":true,"href":"https:\/\/komiza-ksenija.com\/hr\/wp-json\/wp\/v2\/media\/2203"}],"wp:attachment":[{"href":"https:\/\/komiza-ksenija.com\/hr\/wp-json\/wp\/v2\/media?parent=35"}],"curies":[{"name":"wp","href":"https:\/\/api.w.org\/{rel}","templated":true}]}}