{"id":33,"date":"2013-11-24T10:31:51","date_gmt":"2013-11-24T10:31:51","guid":{"rendered":"http:\/\/komiza-ksenija.com\/?page_id=33"},"modified":"2019-11-20T14:20:51","modified_gmt":"2019-11-20T14:20:51","slug":"apartman-kamenice","status":"publish","type":"page","link":"https:\/\/komiza-ksenija.com\/hr\/smjestaj\/apartman-kamenice\/","title":{"rendered":"Apartman Kamenice"},"content":{"rendered":"<p><span style=\"line-height: 1.5em;\">Apartman Kamenice ima povr\u0161inu oko 46 m<\/span><sup style=\"line-height: 1.5em;\">2<\/sup><span style=\"line-height: 1.5em;\">\u00a0+ terasa 15 m<\/span><sup style=\"line-height: 1.5em;\">2<\/sup><span style=\"line-height: 1.5em;\">. Nalazi se u prizemlju na\u0161e ku\u0107e, a sastoji se od kuhinje s dnevnim boravkom u kojoj je smje\u0161ten le\u017eaj na razvla\u010denje za dvije osobe, spava\u0107e sobe, kupatila i velike terase (s koje se vidi djeli\u0107 mora)\u00a0na kojoj \u0107e te ujutro ispijati va\u0161u prvu kavu te okru\u017eeni prirodnom hladovinom objedovati uz komi\u0161ki plavac.<\/span><\/p>\n<p>Nave\u010der\u00a0nas posjetite u\u00a0na\u0161oj obiteljskoj <a title=\"Konoba Jasmina\" href=\"http:\/\/komiza-ksenija.com\/konoba-jasmina\/\">konobi \u201eJasmina\u201c<\/a> gdje \u0107emo se pobrinuti da na na\u0161oj terasi, u ugodnom ambijentu, probate doma\u0107e delicije.<\/p>\n<p>Apartman je udoban za 2 do 4 osobe. Opremljen je klima-ure\u0111ajem, TV-om i be\u017ei\u010dnim internetom.<\/p>\n","protected":false},"excerpt":{"rendered":"<p>Smje\u0161taj za 4 osobe (2+2) u prizemlju ku\u0107e. Terasa i djelomi\u010dni pogled na more.<\/p>\n","protected":false},"author":1,"featured_media":2146,"parent":19,"menu_order":4,"comment_status":"closed","ping_status":"closed","template":"","meta":{"footnotes":""},"class_list":["post-33","page","type-page","status-publish","has-post-thumbnail","hentry"],"_links":{"self":[{"href":"https:\/\/komiza-ksenija.com\/hr\/wp-json\/wp\/v2\/pages\/33","targetHints":{"allow":["GET"]}}],"collection":[{"href":"https:\/\/komiza-ksenija.com\/hr\/wp-json\/wp\/v2\/pages"}],"about":[{"href":"https:\/\/komiza-ksenija.com\/hr\/wp-json\/wp\/v2\/types\/page"}],"author":[{"embeddable":true,"href":"https:\/\/komiza-ksenija.com\/hr\/wp-json\/wp\/v2\/users\/1"}],"replies":[{"embeddable":true,"href":"https:\/\/komiza-ksenija.com\/hr\/wp-json\/wp\/v2\/comments?post=33"}],"version-history":[{"count":0,"href":"https:\/\/komiza-ksenija.com\/hr\/wp-json\/wp\/v2\/pages\/33\/revisions"}],"up":[{"embeddable":true,"href":"https:\/\/komiza-ksenija.com\/hr\/wp-json\/wp\/v2\/pages\/19"}],"wp:featuredmedia":[{"embeddable":true,"href":"https:\/\/komiza-ksenija.com\/hr\/wp-json\/wp\/v2\/media\/2146"}],"wp:attachment":[{"href":"https:\/\/komiza-ksenija.com\/hr\/wp-json\/wp\/v2\/media?parent=33"}],"curies":[{"name":"wp","href":"https:\/\/api.w.org\/{rel}","templated":true}]}}