{"id":31,"date":"2013-11-24T10:31:33","date_gmt":"2013-11-24T10:31:33","guid":{"rendered":"http:\/\/komiza-ksenija.com\/?page_id=31"},"modified":"2019-11-20T14:21:03","modified_gmt":"2019-11-20T14:21:03","slug":"soba-kupinovac","status":"publish","type":"page","link":"https:\/\/komiza-ksenija.com\/hr\/smjestaj\/soba-kupinovac\/","title":{"rendered":"Soba Kupinovac"},"content":{"rendered":"<p><span style=\"line-height: 1.5em;\">Soba Kupinovac mali je povr\u0161ine 16m<\/span><sup style=\"line-height: 1.5em;\">2<\/sup><span style=\"line-height: 1.5em;\"> te ima svoje kupatilo, TV i fri\u017eider. Nalazi se u prizemlju na\u0161e ku\u0107e. Ukoliko se ne \u017eelite umarati kuhanjem izabrat \u0107e te na\u0161u sobu, popodne u\u017eivati u hladovini ispred ku\u0107e udobno zavaljeni u le\u017ealjci, a nave\u010der nas posjetiti u na\u0161oj obiteljskoj <\/span><a style=\"line-height: 1.5em;\" title=\"Konoba Jasmina\" href=\"http:\/\/komiza-ksenija.com\/konoba-jasmina\/\">konobi \u201eJasmina\u201c<\/a><span style=\"line-height: 1.5em;\">, gdje \u0107emo se mi pobrinuti za dobru i ukusnu ve\u010deru.<\/span><\/p>\n","protected":false},"excerpt":{"rendered":"<p>Smje\u0161taj za 2 osobe u prizemlju. Dijeljena terasa bez pogleda na more.<\/p>\n","protected":false},"author":1,"featured_media":2194,"parent":19,"menu_order":7,"comment_status":"closed","ping_status":"closed","template":"","meta":{"footnotes":""},"class_list":["post-31","page","type-page","status-publish","has-post-thumbnail","hentry"],"_links":{"self":[{"href":"https:\/\/komiza-ksenija.com\/hr\/wp-json\/wp\/v2\/pages\/31","targetHints":{"allow":["GET"]}}],"collection":[{"href":"https:\/\/komiza-ksenija.com\/hr\/wp-json\/wp\/v2\/pages"}],"about":[{"href":"https:\/\/komiza-ksenija.com\/hr\/wp-json\/wp\/v2\/types\/page"}],"author":[{"embeddable":true,"href":"https:\/\/komiza-ksenija.com\/hr\/wp-json\/wp\/v2\/users\/1"}],"replies":[{"embeddable":true,"href":"https:\/\/komiza-ksenija.com\/hr\/wp-json\/wp\/v2\/comments?post=31"}],"version-history":[{"count":0,"href":"https:\/\/komiza-ksenija.com\/hr\/wp-json\/wp\/v2\/pages\/31\/revisions"}],"up":[{"embeddable":true,"href":"https:\/\/komiza-ksenija.com\/hr\/wp-json\/wp\/v2\/pages\/19"}],"wp:featuredmedia":[{"embeddable":true,"href":"https:\/\/komiza-ksenija.com\/hr\/wp-json\/wp\/v2\/media\/2194"}],"wp:attachment":[{"href":"https:\/\/komiza-ksenija.com\/hr\/wp-json\/wp\/v2\/media?parent=31"}],"curies":[{"name":"wp","href":"https:\/\/api.w.org\/{rel}","templated":true}]}}