{"id":29,"date":"2013-11-24T10:31:11","date_gmt":"2013-11-24T10:31:11","guid":{"rendered":"http:\/\/komiza-ksenija.com\/?page_id=29"},"modified":"2019-11-20T14:20:44","modified_gmt":"2019-11-20T14:20:44","slug":"apartman-lucica","status":"publish","type":"page","link":"https:\/\/komiza-ksenija.com\/hr\/smjestaj\/apartman-lucica\/","title":{"rendered":"Apartman Lucica"},"content":{"rendered":"<p><span style=\"line-height: 1.5em;\">Apartman Lucica je smje\u0161ten na tre\u0107em katu na\u0161e ku\u0107e (50m<\/span><sup style=\"line-height: 1.5em;\">2<\/sup><span style=\"line-height: 1.5em;\"> + terasa 10m<\/span><sup style=\"line-height: 1.5em;\">2<\/sup><span style=\"line-height: 1.5em;\">).<\/span><\/p>\n<p>Sastoji se od sobe, potpuno opremljene kuhinje s dnevnim boravkom (le\u017eaj na razvla\u010denje za 2 osobe), kupatila te, naravno, terase s koje se pru\u017ea pogled na na\u0161u lijepu komi\u0161ku uvalu, koju na horizontu okru\u017euju otok Bi\u0161evo i Sv. Andrija, a gdje \u0107e te rado nave\u010der sjediti i promatrati nebo s najvi\u0161e zvijezda na svijetu.<\/p>\n<p>Apartman je opremljen klima-ure\u0111ajem,TV-om i be\u017ei\u010dnim internetom.<\/p>\n","protected":false},"excerpt":{"rendered":"<p>Smje\u0161taj za 4 osobe (2+2) na tre\u0107em katu. Terasa i pogled na more.<\/p>\n","protected":false},"author":1,"featured_media":2104,"parent":19,"menu_order":2,"comment_status":"closed","ping_status":"closed","template":"","meta":{"footnotes":""},"class_list":["post-29","page","type-page","status-publish","has-post-thumbnail","hentry"],"_links":{"self":[{"href":"https:\/\/komiza-ksenija.com\/hr\/wp-json\/wp\/v2\/pages\/29","targetHints":{"allow":["GET"]}}],"collection":[{"href":"https:\/\/komiza-ksenija.com\/hr\/wp-json\/wp\/v2\/pages"}],"about":[{"href":"https:\/\/komiza-ksenija.com\/hr\/wp-json\/wp\/v2\/types\/page"}],"author":[{"embeddable":true,"href":"https:\/\/komiza-ksenija.com\/hr\/wp-json\/wp\/v2\/users\/1"}],"replies":[{"embeddable":true,"href":"https:\/\/komiza-ksenija.com\/hr\/wp-json\/wp\/v2\/comments?post=29"}],"version-history":[{"count":0,"href":"https:\/\/komiza-ksenija.com\/hr\/wp-json\/wp\/v2\/pages\/29\/revisions"}],"up":[{"embeddable":true,"href":"https:\/\/komiza-ksenija.com\/hr\/wp-json\/wp\/v2\/pages\/19"}],"wp:featuredmedia":[{"embeddable":true,"href":"https:\/\/komiza-ksenija.com\/hr\/wp-json\/wp\/v2\/media\/2104"}],"wp:attachment":[{"href":"https:\/\/komiza-ksenija.com\/hr\/wp-json\/wp\/v2\/media?parent=29"}],"curies":[{"name":"wp","href":"https:\/\/api.w.org\/{rel}","templated":true}]}}