{"id":26,"date":"2013-11-24T10:30:37","date_gmt":"2013-11-24T10:30:37","guid":{"rendered":"http:\/\/komiza-ksenija.com\/?page_id=26"},"modified":"2019-11-20T14:20:41","modified_gmt":"2019-11-20T14:20:41","slug":"apartman-gusarica","status":"publish","type":"page","link":"https:\/\/komiza-ksenija.com\/hr\/smjestaj\/apartman-gusarica\/","title":{"rendered":"Apartman Gusarica"},"content":{"rendered":"<p><span style=\"line-height: 1.5em;\">Apartman Gusarica nalazi se na tre\u0107em katu na\u0161e ku\u0107e.<\/span><\/p>\n<p>Povr\u0161ine je oko 50 m<sup>2<\/sup>\u00a0+ terasa od 10 m<sup>2<\/sup>.<\/p>\n<p>Kada u\u0111ete u apartman prvo \u0107e te krenuti prema terasi koja ima najljep\u0161i pogled na Komi\u017eu, more, otok Bi\u0161evo i Sv. Andriju.<\/p>\n<p>Nakon nekoliko minuta odmora na terasi i u\u017eivanja u nezaboravnom pogledu, vratit \u0107e te se u novoopremljeni apartman, koji ima potpuno opremljenu kuhinju s dnevnim boravkom (le\u017eaj na razvla\u010denje za dvije osobe), kupatilo i spava\u0107u sobu.<\/p>\n<p>Ako \u017eelite u\u017eivati u komi\u0161kim delicijama mi vas o\u010dekujemo u na\u0161oj obiteljskoj <a title=\"Konoba Jasmina\" href=\"http:\/\/komiza-ksenija.com\/konoba-jasmina\/\">konobi \u201eJasmina\u201c<\/a>.<\/p>\n<p>Apartman je udoban za 2-4 osobe.<\/p>\n<p>Opremljen je klima-ure\u0111ajem,TV-om i be\u017ei\u010dnim internetom.<\/p>\n","protected":false},"excerpt":{"rendered":"<p>Smje\u0161taj za 4 osobe (2+2) na tre\u0107em katu. Terasa i pogled na more.<\/p>\n","protected":false},"author":1,"featured_media":2089,"parent":19,"menu_order":1,"comment_status":"closed","ping_status":"closed","template":"","meta":{"footnotes":""},"class_list":["post-26","page","type-page","status-publish","has-post-thumbnail","hentry"],"_links":{"self":[{"href":"https:\/\/komiza-ksenija.com\/hr\/wp-json\/wp\/v2\/pages\/26","targetHints":{"allow":["GET"]}}],"collection":[{"href":"https:\/\/komiza-ksenija.com\/hr\/wp-json\/wp\/v2\/pages"}],"about":[{"href":"https:\/\/komiza-ksenija.com\/hr\/wp-json\/wp\/v2\/types\/page"}],"author":[{"embeddable":true,"href":"https:\/\/komiza-ksenija.com\/hr\/wp-json\/wp\/v2\/users\/1"}],"replies":[{"embeddable":true,"href":"https:\/\/komiza-ksenija.com\/hr\/wp-json\/wp\/v2\/comments?post=26"}],"version-history":[{"count":0,"href":"https:\/\/komiza-ksenija.com\/hr\/wp-json\/wp\/v2\/pages\/26\/revisions"}],"up":[{"embeddable":true,"href":"https:\/\/komiza-ksenija.com\/hr\/wp-json\/wp\/v2\/pages\/19"}],"wp:featuredmedia":[{"embeddable":true,"href":"https:\/\/komiza-ksenija.com\/hr\/wp-json\/wp\/v2\/media\/2089"}],"wp:attachment":[{"href":"https:\/\/komiza-ksenija.com\/hr\/wp-json\/wp\/v2\/media?parent=26"}],"curies":[{"name":"wp","href":"https:\/\/api.w.org\/{rel}","templated":true}]}}