{"id":23,"date":"2013-11-24T10:29:49","date_gmt":"2013-11-24T10:29:49","guid":{"rendered":"http:\/\/komiza-ksenija.com\/?page_id=23"},"modified":"2019-11-20T14:20:59","modified_gmt":"2019-11-20T14:20:59","slug":"studio-knezica","status":"publish","type":"page","link":"https:\/\/komiza-ksenija.com\/hr\/smjestaj\/studio-knezica\/","title":{"rendered":"Studio Kne\u017eica"},"content":{"rendered":"<p><span style=\"line-height: 1.5em;\">Na drugom katu na\u0161e ku\u0107e je smje\u0161ten studio-apartman Kne\u017eica (30m<\/span><sup style=\"line-height: 1.5em;\">2<\/sup><span style=\"line-height: 1.5em;\">) i sastoji se od sobe s kuhinjom i kupatilom te terasom (4m<\/span><sup style=\"line-height: 1.5em;\">2<\/sup><span style=\"line-height: 1.5em;\">) s pogledom na more i komi\u0161ku uvalu, na kojoj \u0107e te rado sjediti te odmarati uz knjigu i limunadu pripremljenu od limuna iz na\u0161eg vrta.<\/span><\/p>\n<p>Ukoliko vam se ne sprema ve\u010dera mi vas o\u010dekujemo u na\u0161oj <a title=\"Konoba Jasmina\" href=\"http:\/\/komiza-ksenija.com\/konoba-jasmina\/\">konobi \u201eJasmina\u201c<\/a>.<\/p>\n<p>Apartman je udobno namje\u0161ten za 2 osobe (postoji mogu\u0107nost dodatnog le\u017eaja za jednu osobu).<\/p>\n<p>Opremljen je klima-ure\u0111ajem, TV-om i be\u017ei\u010dnim internetom.<\/p>\n","protected":false},"excerpt":{"rendered":"<p>Smje\u0161taj za 3 osobe (2+1) na drugom katu. Terasa i pogled na more.<\/p>\n","protected":false},"author":1,"featured_media":2565,"parent":19,"menu_order":6,"comment_status":"closed","ping_status":"closed","template":"","meta":{"footnotes":""},"class_list":["post-23","page","type-page","status-publish","has-post-thumbnail","hentry"],"_links":{"self":[{"href":"https:\/\/komiza-ksenija.com\/hr\/wp-json\/wp\/v2\/pages\/23","targetHints":{"allow":["GET"]}}],"collection":[{"href":"https:\/\/komiza-ksenija.com\/hr\/wp-json\/wp\/v2\/pages"}],"about":[{"href":"https:\/\/komiza-ksenija.com\/hr\/wp-json\/wp\/v2\/types\/page"}],"author":[{"embeddable":true,"href":"https:\/\/komiza-ksenija.com\/hr\/wp-json\/wp\/v2\/users\/1"}],"replies":[{"embeddable":true,"href":"https:\/\/komiza-ksenija.com\/hr\/wp-json\/wp\/v2\/comments?post=23"}],"version-history":[{"count":0,"href":"https:\/\/komiza-ksenija.com\/hr\/wp-json\/wp\/v2\/pages\/23\/revisions"}],"up":[{"embeddable":true,"href":"https:\/\/komiza-ksenija.com\/hr\/wp-json\/wp\/v2\/pages\/19"}],"wp:featuredmedia":[{"embeddable":true,"href":"https:\/\/komiza-ksenija.com\/hr\/wp-json\/wp\/v2\/media\/2565"}],"wp:attachment":[{"href":"https:\/\/komiza-ksenija.com\/hr\/wp-json\/wp\/v2\/media?parent=23"}],"curies":[{"name":"wp","href":"https:\/\/api.w.org\/{rel}","templated":true}]}}