{"id":21,"date":"2013-11-24T10:29:22","date_gmt":"2013-11-24T10:29:22","guid":{"rendered":"http:\/\/komiza-ksenija.com\/?page_id=21"},"modified":"2019-11-20T14:20:55","modified_gmt":"2019-11-20T14:20:55","slug":"studio-perna","status":"publish","type":"page","link":"https:\/\/komiza-ksenija.com\/hr\/smjestaj\/studio-perna\/","title":{"rendered":"Studio Perna"},"content":{"rendered":"<p><span style=\"line-height: 1.5em;\">Apartman Perna se nalazi na drugom katu na\u0161e ku\u0107e, to je studio-apartman (30m<\/span><sup style=\"line-height: 1.5em;\">2<\/sup><span style=\"line-height: 1.5em;\">), koji se sastoji od sobe s potpuno opremljenom kuhinjom, kupatilom i terasom povr\u0161ine 4m<\/span><sup style=\"line-height: 1.5em;\">2<\/sup><span style=\"line-height: 1.5em;\">, koja ima predivan pogled prema moru i komi\u0161koj uvali.<\/span><\/p>\n<p>Ukoliko ste umorni od sunca i mora pa vam se ne da vrijeme provoditi u kuhinji, posjetite na\u0161u obiteljsku&nbsp;<a title=\"Konoba Jasmina\" href=\"http:\/\/komiza-ksenija.com\/konoba-jasmina\/\">konobu \u201eJasmina\u201c<\/a> te ku\u0161ajte doma\u0107e specijalitete pripremljene prema starim, tradicionalnim receptima.<\/p>\n<p>Apartman je udoban za 2 osobe (postoji mogu\u0107nost dodatnog le\u017eaja za jednu osobu). Opremljen je klima-ure\u0111ajem, TV-om i be\u017ei\u010dnim internetom.<\/p>\n","protected":false},"excerpt":{"rendered":"<p>Smje\u0161taj za 3 osobe (2+1) na drugom katu. Terasa i pogled na more.<\/p>\n","protected":false},"author":1,"featured_media":2573,"parent":19,"menu_order":5,"comment_status":"closed","ping_status":"closed","template":"","meta":{"footnotes":""},"class_list":["post-21","page","type-page","status-publish","has-post-thumbnail","hentry"],"_links":{"self":[{"href":"https:\/\/komiza-ksenija.com\/hr\/wp-json\/wp\/v2\/pages\/21","targetHints":{"allow":["GET"]}}],"collection":[{"href":"https:\/\/komiza-ksenija.com\/hr\/wp-json\/wp\/v2\/pages"}],"about":[{"href":"https:\/\/komiza-ksenija.com\/hr\/wp-json\/wp\/v2\/types\/page"}],"author":[{"embeddable":true,"href":"https:\/\/komiza-ksenija.com\/hr\/wp-json\/wp\/v2\/users\/1"}],"replies":[{"embeddable":true,"href":"https:\/\/komiza-ksenija.com\/hr\/wp-json\/wp\/v2\/comments?post=21"}],"version-history":[{"count":0,"href":"https:\/\/komiza-ksenija.com\/hr\/wp-json\/wp\/v2\/pages\/21\/revisions"}],"up":[{"embeddable":true,"href":"https:\/\/komiza-ksenija.com\/hr\/wp-json\/wp\/v2\/pages\/19"}],"wp:featuredmedia":[{"embeddable":true,"href":"https:\/\/komiza-ksenija.com\/hr\/wp-json\/wp\/v2\/media\/2573"}],"wp:attachment":[{"href":"https:\/\/komiza-ksenija.com\/hr\/wp-json\/wp\/v2\/media?parent=21"}],"curies":[{"name":"wp","href":"https:\/\/api.w.org\/{rel}","templated":true}]}}