{"id":19,"date":"2013-11-23T22:30:08","date_gmt":"2013-11-23T22:30:08","guid":{"rendered":"http:\/\/komiza-ksenija.com\/?page_id=19"},"modified":"2019-11-20T14:20:37","modified_gmt":"2019-11-20T14:20:37","slug":"smjestaj","status":"publish","type":"page","link":"https:\/\/komiza-ksenija.com\/hr\/smjestaj\/","title":{"rendered":"Smje\u0161taj"},"content":{"rendered":"<p><span style=\"line-height: 1.5em;\">Stara stabla roga\u010da rade nam prirodnu hladovinu na samom ulazu u na\u0161u ku\u0107u te nam ujedno i skrivaju ku\u0107u od znati\u017eeljnih pogleda prolaznika.<\/span><\/p>\n<p>S donje strane ku\u0107e nalaze se stabla limuna i narana\u010da, \u010dije plodove\u00a0mo\u017eete ubrati i osvje\u017eiti se prirodnom limunadom na terasi va\u0161eg apartmana.<\/p>\n<p>Ku\u0107a je od centra udaljena 200m, a samo 100m od pla\u017ee.<\/p>\n<p>U ponudi imamo 6 apartmana i 3\u00a0dvokrevetne sobe.<\/p>\n<p>Pogledajte ponudu na\u0161eg smje\u0161taja, nadamo se da \u0107e te izabrati jednog od njih te da \u0107ete kod nas provesti svoj nezaboravni odmor, te nam se ponovno vratiti.<\/p>\n<p>&nbsp;<\/p>\n","protected":false},"excerpt":{"rendered":"<p>Stabla roga\u010da rade prirodnu hladovinu na samom ulazu u na\u0161u ku\u0107u te ju ujedno i skrivaju od znati\u017eeljnih pogleda prolaznika. Od centra smo udaljeni 200m, a od pla\u017ee samo 100m.<\/p>\n","protected":false},"author":1,"featured_media":0,"parent":0,"menu_order":0,"comment_status":"closed","ping_status":"closed","template":"","meta":{"footnotes":""},"class_list":["post-19","page","type-page","status-publish","hentry"],"_links":{"self":[{"href":"https:\/\/komiza-ksenija.com\/hr\/wp-json\/wp\/v2\/pages\/19","targetHints":{"allow":["GET"]}}],"collection":[{"href":"https:\/\/komiza-ksenija.com\/hr\/wp-json\/wp\/v2\/pages"}],"about":[{"href":"https:\/\/komiza-ksenija.com\/hr\/wp-json\/wp\/v2\/types\/page"}],"author":[{"embeddable":true,"href":"https:\/\/komiza-ksenija.com\/hr\/wp-json\/wp\/v2\/users\/1"}],"replies":[{"embeddable":true,"href":"https:\/\/komiza-ksenija.com\/hr\/wp-json\/wp\/v2\/comments?post=19"}],"version-history":[{"count":0,"href":"https:\/\/komiza-ksenija.com\/hr\/wp-json\/wp\/v2\/pages\/19\/revisions"}],"wp:attachment":[{"href":"https:\/\/komiza-ksenija.com\/hr\/wp-json\/wp\/v2\/media?parent=19"}],"curies":[{"name":"wp","href":"https:\/\/api.w.org\/{rel}","templated":true}]}}