{"id":186,"date":"2013-12-04T01:54:58","date_gmt":"2013-12-04T01:54:58","guid":{"rendered":"http:\/\/komiza-ksenija.com\/?page_id=186"},"modified":"2020-01-18T09:04:18","modified_gmt":"2020-01-18T09:04:18","slug":"rezervacije","status":"publish","type":"page","link":"https:\/\/komiza-ksenija.com\/hr\/rezervacije\/","title":{"rendered":"Rezervacije"},"content":{"rendered":"<p>Po\u0161aljite nam neobavezan upit za smje\u0161taj i mi \u0107emo vam u najkra\u0107em roku poslati ponudu koja odgovara va\u0161im zahtjevima. Hvala vam na povjerenju!<\/p>\n","protected":false},"excerpt":{"rendered":"<p>Na\u0161 tim spreman je da odgovori na sva va\u0161a pitanja, te vam svakodnevno stoji na raspolaganju.<\/p>\n","protected":false},"author":1,"featured_media":0,"parent":0,"menu_order":990,"comment_status":"closed","ping_status":"closed","template":"","meta":{"footnotes":""},"class_list":["post-186","page","type-page","status-publish","hentry"],"_links":{"self":[{"href":"https:\/\/komiza-ksenija.com\/hr\/wp-json\/wp\/v2\/pages\/186","targetHints":{"allow":["GET"]}}],"collection":[{"href":"https:\/\/komiza-ksenija.com\/hr\/wp-json\/wp\/v2\/pages"}],"about":[{"href":"https:\/\/komiza-ksenija.com\/hr\/wp-json\/wp\/v2\/types\/page"}],"author":[{"embeddable":true,"href":"https:\/\/komiza-ksenija.com\/hr\/wp-json\/wp\/v2\/users\/1"}],"replies":[{"embeddable":true,"href":"https:\/\/komiza-ksenija.com\/hr\/wp-json\/wp\/v2\/comments?post=186"}],"version-history":[{"count":0,"href":"https:\/\/komiza-ksenija.com\/hr\/wp-json\/wp\/v2\/pages\/186\/revisions"}],"wp:attachment":[{"href":"https:\/\/komiza-ksenija.com\/hr\/wp-json\/wp\/v2\/media?parent=186"}],"curies":[{"name":"wp","href":"https:\/\/api.w.org\/{rel}","templated":true}]}}