{"id":148,"date":"2013-11-29T16:15:36","date_gmt":"2013-11-29T16:15:36","guid":{"rendered":"http:\/\/komiza-ksenija.com\/?page_id=148"},"modified":"2019-11-20T14:21:10","modified_gmt":"2019-11-20T14:21:10","slug":"soba-templuz","status":"publish","type":"page","link":"https:\/\/komiza-ksenija.com\/hr\/smjestaj\/soba-templuz\/","title":{"rendered":"Soba Templu\u017e"},"content":{"rendered":"<p><span style=\"line-height: 1.5em;\">Soba Templu\u017e se nalazi na drugom katu ku\u0107e. Povr\u0161ina sobe je 17 m2, a ima svoje kupatilo, TV i fri\u017eider. Kada se \u017eelite odmoriti od sunca i mora, udobno se smjestite na zajedni\u010dkoj terasi i u\u017eivajte \u010ditaju\u0107i knjigu uz \u010da\u0161u doma\u0107eg vina. Nave\u010der se pro\u0161etajte rivom uz more te se uputite prema pla\u017ei Lucica gdje je smje\u0161tena na\u0161a obiteljska <\/span><a style=\"line-height: 1.5em;\" title=\"Konoba Jasmina\" href=\"http:\/\/komiza-ksenija.com\/konoba-jasmina\/\">konoba&nbsp;\u201e<strong>Jasmina\u201c<\/strong><\/a><span style=\"line-height: 1.5em;\">&nbsp;koja vam nudi bogat izbor doma\u0107ih jela.<\/span><\/p>\n","protected":false},"excerpt":{"rendered":"<p>Smje\u0161taj za 2 osobe na drugom katu. Dijeljena terasa bez pogleda na more.<\/p>\n","protected":false},"author":1,"featured_media":2176,"parent":19,"menu_order":9,"comment_status":"closed","ping_status":"closed","template":"","meta":{"footnotes":""},"class_list":["post-148","page","type-page","status-publish","has-post-thumbnail","hentry"],"_links":{"self":[{"href":"https:\/\/komiza-ksenija.com\/hr\/wp-json\/wp\/v2\/pages\/148","targetHints":{"allow":["GET"]}}],"collection":[{"href":"https:\/\/komiza-ksenija.com\/hr\/wp-json\/wp\/v2\/pages"}],"about":[{"href":"https:\/\/komiza-ksenija.com\/hr\/wp-json\/wp\/v2\/types\/page"}],"author":[{"embeddable":true,"href":"https:\/\/komiza-ksenija.com\/hr\/wp-json\/wp\/v2\/users\/1"}],"replies":[{"embeddable":true,"href":"https:\/\/komiza-ksenija.com\/hr\/wp-json\/wp\/v2\/comments?post=148"}],"version-history":[{"count":0,"href":"https:\/\/komiza-ksenija.com\/hr\/wp-json\/wp\/v2\/pages\/148\/revisions"}],"up":[{"embeddable":true,"href":"https:\/\/komiza-ksenija.com\/hr\/wp-json\/wp\/v2\/pages\/19"}],"wp:featuredmedia":[{"embeddable":true,"href":"https:\/\/komiza-ksenija.com\/hr\/wp-json\/wp\/v2\/media\/2176"}],"wp:attachment":[{"href":"https:\/\/komiza-ksenija.com\/hr\/wp-json\/wp\/v2\/media?parent=148"}],"curies":[{"name":"wp","href":"https:\/\/api.w.org\/{rel}","templated":true}]}}