{"id":146,"date":"2013-11-29T16:14:39","date_gmt":"2013-11-29T16:14:39","guid":{"rendered":"http:\/\/komiza-ksenija.com\/?page_id=146"},"modified":"2019-11-20T14:21:06","modified_gmt":"2019-11-20T14:21:06","slug":"soba-barjoska","status":"publish","type":"page","link":"https:\/\/komiza-ksenija.com\/hr\/smjestaj\/soba-barjoska\/","title":{"rendered":"Soba Barjo\u0161ka"},"content":{"rendered":"<p><span style=\"line-height: 1.5em;\">Soba Barjo\u0161ka povr\u0161ine je 20 m<\/span><sup style=\"line-height: 1.5em;\">2<\/sup><span style=\"line-height: 1.5em;\"> te ima svoje kupatilo, TV i fri\u017eider. Nalazi se na drugom katu&nbsp;na\u0161e ku\u0107e. U jutarnjim satima u\u017eivajte ispijaju\u0107i kavu na&nbsp; zajedni\u010dkoj&nbsp;<\/span><strong style=\"line-height: 1.5em;\">terasi<\/strong><span style=\"line-height: 1.5em;\">, a ve\u010dernji izlazak upotpunite posjetom na\u0161oj obiteljskoj <\/span><a style=\"line-height: 1.5em;\" title=\"Konoba Jasmina\" href=\"http:\/\/komiza-ksenija.com\/konoba-jasmina\/\">konobi \u201eJasmina\u201c<\/a><span style=\"line-height: 1.5em;\">.<\/span><\/p>\n","protected":false},"excerpt":{"rendered":"<p>Smje\u0161taj za 2 osobe na drugom katu. Dijeljena terasa bez pogleda na more.<\/p>\n","protected":false},"author":1,"featured_media":2185,"parent":19,"menu_order":8,"comment_status":"closed","ping_status":"closed","template":"","meta":{"footnotes":""},"class_list":["post-146","page","type-page","status-publish","has-post-thumbnail","hentry"],"_links":{"self":[{"href":"https:\/\/komiza-ksenija.com\/hr\/wp-json\/wp\/v2\/pages\/146","targetHints":{"allow":["GET"]}}],"collection":[{"href":"https:\/\/komiza-ksenija.com\/hr\/wp-json\/wp\/v2\/pages"}],"about":[{"href":"https:\/\/komiza-ksenija.com\/hr\/wp-json\/wp\/v2\/types\/page"}],"author":[{"embeddable":true,"href":"https:\/\/komiza-ksenija.com\/hr\/wp-json\/wp\/v2\/users\/1"}],"replies":[{"embeddable":true,"href":"https:\/\/komiza-ksenija.com\/hr\/wp-json\/wp\/v2\/comments?post=146"}],"version-history":[{"count":0,"href":"https:\/\/komiza-ksenija.com\/hr\/wp-json\/wp\/v2\/pages\/146\/revisions"}],"up":[{"embeddable":true,"href":"https:\/\/komiza-ksenija.com\/hr\/wp-json\/wp\/v2\/pages\/19"}],"wp:featuredmedia":[{"embeddable":true,"href":"https:\/\/komiza-ksenija.com\/hr\/wp-json\/wp\/v2\/media\/2185"}],"wp:attachment":[{"href":"https:\/\/komiza-ksenija.com\/hr\/wp-json\/wp\/v2\/media?parent=146"}],"curies":[{"name":"wp","href":"https:\/\/api.w.org\/{rel}","templated":true}]}}