{"id":117,"date":"2013-11-27T17:34:56","date_gmt":"2013-11-27T17:34:56","guid":{"rendered":"http:\/\/komiza-ksenija.com\/?page_id=117"},"modified":"2019-11-20T14:20:25","modified_gmt":"2019-11-20T14:20:25","slug":"dogadanja-u-komizi","status":"publish","type":"page","link":"https:\/\/komiza-ksenija.com\/hr\/otok-vis\/dogadanja-u-komizi\/","title":{"rendered":"Doga\u0111anja u Komi\u017ei"},"content":{"rendered":"<p><strong>Big game fishing\u00a0<\/strong>je popularna dru\u0161tvena aktivnost u svijetu te je kao idealan spoj zabave i avanturizma prepoznata tako\u0111er i u Hrvatskoj.<\/p>\n<p>Sportski ribolovni turizam se idealno uklapa u koncept razvoja turizma u Komi\u017ei, koja je od davnina najpoznatije ribarsko mjesto te lovno podru\u010dje na Jadranu, a i \u0161ire.<\/p>\n<p>Tradicionalno se odr\u017eava svake godine u srpnju.<\/p>\n<p><strong>Komi\u0161ka ribarska no\u0107<\/strong>\u00a0se odr\u017eava prve subote u kolovozu, i to je no\u0107 poznata po dobrom vinu i srdelama s gradela koje se dijele na rivi. U to vrijeme je riva puna ljudi koji se ludo zabavljaju uz ritmove poznatih glazbenih izvo\u0111a\u010da.<\/p>\n<p><strong>Rota Palagruzona<\/strong>\u00a0je festival mora, ribara i brodova. Turisti \u017eeljni istinskoga mira mogu i na daleku Palagru\u017eu. Put tog na\u0161eg najudaljenijeg oto\u010di\u0107a, u \u010dast nekada\u0161njim pu\u010dinskim ribarima, kre\u0107e regata tradicionalnih brodova s latinskim jedrom te s dvije falku\u0161e na \u010delu.<\/p>\n<p>U Komi\u017ei mo\u017eete nau\u010diti roniti u ronila\u010dkim centrima, ili nau\u010diti letjeti poput ptice i gledati Komi\u017eu iz visina. Otok Vis je jedini hrvatski otok s registriranim letjeli\u0161tem za paragliding.<\/p>\n<p>&nbsp;<\/p>\n<p><strong>Posjetite nas u kasnu jesen i rano prolje\u0107e te u\u017eivajte u doga\u0111anjima koje vam nudi samo Komi\u017ea.<\/strong><strong><\/strong><\/p>\n<p>&nbsp;<\/p>\n<p><strong>Dani sv. Mikule (6.12)<\/strong><\/p>\n<p>Spaljivanje \u017ertvenog broda \u2013 vi\u0161estoljetna tradicija.<\/p>\n<p>Svake godine se 6. prosinca, na Dan Grada Komi\u017ee, tradicionalno spaljuje stari drveni brod kao obredna \u017ertva za spas pomoraca, ribara i putnika, a \u010diji je za\u0161titnik je sv.Nikola, te se pepeo spaljenoga broda koristi za blagoslov novoizgra\u0111enih brodova.<\/p>\n<p><strong>Quarantore<\/strong><\/p>\n<p>Katoli\u010dki obi\u010daj molitve i klanjanja koji traje 40 sati (dolazi od talijanskih rije\u010di quaranta-\u010detrdeset i ore \u2013 sati). Klanjanja po\u010dinju tjedan dana prije Uskrsa na Cvjetnicu, a traju do srijede u podne. Sam obred je \u010din izlaganja Presvetog Otajskog Sakramenta. U to je vrijeme crkva ure\u0111ena na poseban na\u010din: sredi\u0161nji oltar presvu\u010den je u tkaninu crvene boje, a pun je bijelog cvije\u0107a i svije\u0107a, \u0161to sam obred \u010dini sve\u010danim i uzvi\u0161enim. Ovaj obi\u010daj postoji u crkvi u Italiji te kod nas u Komi\u017ei.<\/p>\n<p><strong>Dani Roga\u010da<\/strong><\/p>\n<p>Roga\u010d, nezaobilazni sastojak mnogih kola\u010da, dobio je svoju priredbu. U organizaciji Turisti\u010dke zajednice Grada Komi\u017ee, u Komi\u017ei se prire\u0111uju Dani roga\u010da (odr\u017eavaju se krajem rujna), a rije\u010d je o manifestaciji zami\u0161ljenoj kao svojevrsni festival posve\u0107en kulturi roga\u010da, koji je uz vinovu lozu najstarija autohtona komi\u0161ka biljka, svojevrsni simbol Komi\u017ee.<\/p>\n<p>Na na\u0161em otoku \u017eive najstariji stanovnici hrvatskog prostora \u2013 roga\u010di (izjava dr. Jo\u0161ka Bo\u017eani\u0107a). Uz ribarstvo i vinovu lozu, uzgoj roga\u010da je ono \u0161to je Komi\u017eane prehranilo i \u0161to je duboko ukorijenjeno u njihovu pro\u0161lost.<\/p>\n<p>Komi\u017ea prera\u0111uje roga\u010d ve\u0107 skoro 50 godina, budu\u0107i da se u Komi\u017ei nalazi jedini mlin za mljevenje roga\u010da u cijeloj Hrvatskoj.<\/p>\n","protected":false},"excerpt":{"rendered":"<p>Svake godine 6. prosinca, na Dan grada Komi\u017ee, tradicionalno se spaljuje stari drveni brod kao obredna \u017ertva za spas pomoraca, ribara i putnika, \u010diji za\u0161titnik je sv.Nikola.<\/p>\n","protected":false},"author":1,"featured_media":0,"parent":55,"menu_order":9,"comment_status":"closed","ping_status":"closed","template":"","meta":{"footnotes":""},"class_list":["post-117","page","type-page","status-publish","hentry"],"_links":{"self":[{"href":"https:\/\/komiza-ksenija.com\/hr\/wp-json\/wp\/v2\/pages\/117","targetHints":{"allow":["GET"]}}],"collection":[{"href":"https:\/\/komiza-ksenija.com\/hr\/wp-json\/wp\/v2\/pages"}],"about":[{"href":"https:\/\/komiza-ksenija.com\/hr\/wp-json\/wp\/v2\/types\/page"}],"author":[{"embeddable":true,"href":"https:\/\/komiza-ksenija.com\/hr\/wp-json\/wp\/v2\/users\/1"}],"replies":[{"embeddable":true,"href":"https:\/\/komiza-ksenija.com\/hr\/wp-json\/wp\/v2\/comments?post=117"}],"version-history":[{"count":0,"href":"https:\/\/komiza-ksenija.com\/hr\/wp-json\/wp\/v2\/pages\/117\/revisions"}],"up":[{"embeddable":true,"href":"https:\/\/komiza-ksenija.com\/hr\/wp-json\/wp\/v2\/pages\/55"}],"wp:attachment":[{"href":"https:\/\/komiza-ksenija.com\/hr\/wp-json\/wp\/v2\/media?parent=117"}],"curies":[{"name":"wp","href":"https:\/\/api.w.org\/{rel}","templated":true}]}}